{"id":139,"date":"2022-07-08T10:52:20","date_gmt":"2022-07-08T08:52:20","guid":{"rendered":"https:\/\/blackblast.de\/?page_id=139"},"modified":"2023-10-17T12:38:03","modified_gmt":"2023-10-17T10:38:03","slug":"n-a-n-d-a","status":"publish","type":"page","link":"https:\/\/blackblast.de\/index.php\/n-a-n-d-a\/","title":{"rendered":"N a n d a"},"content":{"rendered":"<div class=\"wp-block-image\">\n<figure class=\"aligncenter size-large is-resized\"><img loading=\"lazy\" decoding=\"async\" width=\"920\" height=\"1024\" src=\"https:\/\/blackblast.de\/wp-content\/uploads\/2022\/07\/Screenshot-2022-07-08-105448-920x1024.png\" alt=\"H\u00fcndin Nanda\" class=\"wp-image-141\" style=\"width:266px;height:295px\" srcset=\"https:\/\/blackblast.de\/wp-content\/uploads\/2022\/07\/Screenshot-2022-07-08-105448-920x1024.png 920w, https:\/\/blackblast.de\/wp-content\/uploads\/2022\/07\/Screenshot-2022-07-08-105448-269x300.png 269w, https:\/\/blackblast.de\/wp-content\/uploads\/2022\/07\/Screenshot-2022-07-08-105448-768x855.png 768w, https:\/\/blackblast.de\/wp-content\/uploads\/2022\/07\/Screenshot-2022-07-08-105448-760x846.png 760w, https:\/\/blackblast.de\/wp-content\/uploads\/2022\/07\/Screenshot-2022-07-08-105448.png 1095w\" sizes=\"auto, (max-width: 920px) 100vw, 920px\" \/><figcaption class=\"wp-element-caption\">Das ist unsere H\u00fcndin Nanda.<br>Auf diesem Bild ist sie ca. 4 Monate alt und gerade zu uns gekommen.<\/figcaption><\/figure>\n<\/div>\n\n\n<p class=\"has-text-align-center\">In dieser Rubrik m\u00f6chte \u00fcber Nanda und ihre Entwicklung berichten.<br>\u00dcber alles was wir so mit ihr erleben.<br>Wir haben sie aus dem Tierschutz aus Rum\u00e4nien adoptiert.<\/p>\n","protected":false},"excerpt":{"rendered":"<p>In dieser Rubrik m\u00f6chte \u00fcber Nanda und ihre Entwicklung berichten.\u00dcber alles was wir so mit ihr erleben.Wir haben sie aus dem Tierschutz aus Rum\u00e4nien adoptiert.<\/p>\n","protected":false},"author":1,"featured_media":0,"parent":0,"menu_order":0,"comment_status":"closed","ping_status":"closed","template":"","meta":{"footnotes":""},"class_list":["post-139","page","type-page","status-publish","hentry"],"_links":{"self":[{"href":"https:\/\/blackblast.de\/index.php\/wp-json\/wp\/v2\/pages\/139","targetHints":{"allow":["GET"]}}],"collection":[{"href":"https:\/\/blackblast.de\/index.php\/wp-json\/wp\/v2\/pages"}],"about":[{"href":"https:\/\/blackblast.de\/index.php\/wp-json\/wp\/v2\/types\/page"}],"author":[{"embeddable":true,"href":"https:\/\/blackblast.de\/index.php\/wp-json\/wp\/v2\/users\/1"}],"replies":[{"embeddable":true,"href":"https:\/\/blackblast.de\/index.php\/wp-json\/wp\/v2\/comments?post=139"}],"version-history":[{"count":5,"href":"https:\/\/blackblast.de\/index.php\/wp-json\/wp\/v2\/pages\/139\/revisions"}],"predecessor-version":[{"id":152,"href":"https:\/\/blackblast.de\/index.php\/wp-json\/wp\/v2\/pages\/139\/revisions\/152"}],"wp:attachment":[{"href":"https:\/\/blackblast.de\/index.php\/wp-json\/wp\/v2\/media?parent=139"}],"curies":[{"name":"wp","href":"https:\/\/api.w.org\/{rel}","templated":true}]}}